{"id":9,"date":"2015-08-24T11:03:36","date_gmt":"2015-08-24T11:03:36","guid":{"rendered":"http:\/\/laremisedejulien.fr\/?page_id=9"},"modified":"2020-04-20T16:45:51","modified_gmt":"2020-04-20T16:45:51","slug":"activites-a-proximite","status":"publish","type":"page","link":"https:\/\/www.laremisedejulien.fr\/?page_id=9","title":{"rendered":"ACTIVIT\u00c9S &#038; VISITES                         \u00e0 proximit\u00e9"},"content":{"rendered":"<p>1<strong> Les Activit\u00e9s:<\/strong><\/p>\n<ul>\n<li>Randonn\u00e9es<\/li>\n<li>VTT<\/li>\n<li>Baignade, canoe, descente en barque<\/li>\n<li>Escalades, Via Ferrata, Accrobranche<\/li>\n<li>Equitation<\/li>\n<li>Initiation au Paddle<\/li>\n<li><a href=\"https:\/\/sports-nature-cevennes.com\/trottinette-tout-terrain\/\">Descente en trottinette<\/a><\/li>\n<li>March\u00e9s Nocturnes &#8211; Produits du Terroir<\/li>\n<\/ul>\n<p><strong>La Randonn\u00e9e<\/strong> trouve ici tous les \u00e9l\u00e9ments n\u00e9cessaires \u00e0 une pratique exceptionnelle. <strong>Le D\u00e9nivel\u00e9 et la Dur\u00e9e<\/strong> sont param\u00e9trables \u00e0 souhait. De la plus simple, 30 mm aller retour \u00e0 partir du gite qui permet de d\u00e9couvrir une vue magnifique sur les <strong>Gorges du Tarn et La Mal\u00e8ne<\/strong> en particulier, \u00e0 d&rsquo;autres plus \u00e9labor\u00e9es telles que <strong><a href=\"https:\/\/www.youtube.com\/watch?v=Kjv-_tTC7Xw\" target=\"_blank\" rel=\"noopener noreferrer\">Les Corniches<\/a>, <a href=\"https:\/\/youtu.be\/lr5512LF_No\" target=\"_blank\" rel=\"noopener noreferrer\">Les Arcs de St Pierre<\/a><\/strong> par exemples et tout les GR qui sillonnent Causses et Vall\u00e9es proposant au travers de guide des parcours multiples et vari\u00e9s.<\/p>\n<p>Le <strong>Tarn<\/strong> g\u00e9n\u00e8re \u00e0 lui seul plusieurs activit\u00e9s. De la <a href=\"http:\/\/www.laremisedejulien.fr\/wp-content\/uploads\/2020\/04\/gorges-du-tarn-ok-e1587329902410.jpg\"><img loading=\"lazy\" decoding=\"async\" class=\"size-medium wp-image-372 alignright\" src=\"http:\/\/www.laremisedejulien.fr\/wp-content\/uploads\/2020\/04\/gorges-du-tarn-ok-e1587329902410-300x132.jpg\" alt=\"\" width=\"300\" height=\"132\" srcset=\"https:\/\/www.laremisedejulien.fr\/wp-content\/uploads\/2020\/04\/gorges-du-tarn-ok-e1587329902410-300x132.jpg 300w, https:\/\/www.laremisedejulien.fr\/wp-content\/uploads\/2020\/04\/gorges-du-tarn-ok-e1587329902410-768x339.jpg 768w, https:\/\/www.laremisedejulien.fr\/wp-content\/uploads\/2020\/04\/gorges-du-tarn-ok-e1587329902410-1024x451.jpg 1024w\" sizes=\"(max-width: 300px) 100vw, 300px\" \/><\/a><b>baignade, des <a href=\"https:\/\/www.canoeblanc.com\/fr\/\" target=\"_blank\" rel=\"noopener noreferrer\">parcours de cano\u00eb<\/a>,\u00a0 aux<\/b><a style=\"font-weight: bold;\" href=\"https:\/\/www.youtube.com\/watch?v=qk5Gwqhyyv4\" target=\"_blank\" rel=\"noopener noreferrer\"> bateliers<\/a> qui proposent la descente en barque plate de la Mal\u00e8ne au <a href=\"http:\/\/gitesaintjuery.over-blog.com\/article-la-legende-du-pas-de-soucy-dans-les-gorges-du-tarn-113769454.html\">Pas de Sou\u00e7y<\/a>, sans oublier les parcours de p\u00eache qui, suivant la saison, sont \u00e0 votre disposition en toute s\u00e9curit\u00e9.<\/p>\n<p>Au dessus du village <strong>Le Rozier<\/strong> en remontant la<strong> Vall\u00e9e de La Jonte<\/strong>, se trouve des <strong>Sites d&rsquo;Escalades de renomm\u00e9s mondiale<\/strong>.<\/p>\n<p>2<strong> Les Visites<\/strong>:<\/p>\n<p>Tous les<strong> Villages<\/strong> des Vall\u00e9es o\u00f9 des causses ont tous un cachet particulier qui m\u00e9rite la visite.<\/p>\n<p>Il y a aussi des Sites majeurs \u00e0 visiter tels que<strong> l&rsquo;Aven Armand, Dargilan, le Site des Vautours, <a href=\"http:\/\/www.mende-coeur-lozere.fr\/decouvrir\/visiter-la-lozere\/sites-touristiques-de-lozere\/266275-chaos-de-nimes-le-vieux\">le Chaos de Nimes le vieux<\/a>, Le Roc des Hourtous, la Ferme d&rsquo;Autrefois \u00e0 Hyelzas,<a href=\"https:\/\/www.la-croix.com\/Sciences-et-ethique\/Environnement\/DIAPORAMA-Le-cheval-Przewalski-nest-pas-cheval-sauvage-2018-02-23-1200916072\"> les Chevaux de Przewalski<\/a><\/strong> et bien d&rsquo;autres encore.<\/p>\n","protected":false},"excerpt":{"rendered":"<p>1 Les Activit\u00e9s: Randonn\u00e9es VTT Baignade, canoe, descente en barque Escalades, Via Ferrata, Accrobranche Equitation Initiation au Paddle Descente en trottinette March\u00e9s Nocturnes &#8211; Produits du Terroir La Randonn\u00e9e trouve ici tous les \u00e9l\u00e9ments n\u00e9cessaires \u00e0 une pratique exceptionnelle. Le D\u00e9nivel\u00e9 et la Dur\u00e9e sont param\u00e9trables \u00e0 souhait. De la plus simple, 30 mm aller &hellip; <a href=\"https:\/\/www.laremisedejulien.fr\/?page_id=9\" class=\"more-link\">Continuer la lecture de <span class=\"screen-reader-text\">ACTIVIT\u00c9S &#038; VISITES                         \u00e0 proximit\u00e9<\/span>  <span class=\"meta-nav\">&rarr;<\/span><\/a><\/p>\n","protected":false},"author":1,"featured_media":351,"parent":0,"menu_order":0,"comment_status":"closed","ping_status":"closed","template":"","meta":{"footnotes":""},"_links":{"self":[{"href":"https:\/\/www.laremisedejulien.fr\/index.php?rest_route=\/wp\/v2\/pages\/9"}],"collection":[{"href":"https:\/\/www.laremisedejulien.fr\/index.php?rest_route=\/wp\/v2\/pages"}],"about":[{"href":"https:\/\/www.laremisedejulien.fr\/index.php?rest_route=\/wp\/v2\/types\/page"}],"author":[{"embeddable":true,"href":"https:\/\/www.laremisedejulien.fr\/index.php?rest_route=\/wp\/v2\/users\/1"}],"replies":[{"embeddable":true,"href":"https:\/\/www.laremisedejulien.fr\/index.php?rest_route=%2Fwp%2Fv2%2Fcomments&post=9"}],"version-history":[{"count":15,"href":"https:\/\/www.laremisedejulien.fr\/index.php?rest_route=\/wp\/v2\/pages\/9\/revisions"}],"predecessor-version":[{"id":441,"href":"https:\/\/www.laremisedejulien.fr\/index.php?rest_route=\/wp\/v2\/pages\/9\/revisions\/441"}],"wp:featuredmedia":[{"embeddable":true,"href":"https:\/\/www.laremisedejulien.fr\/index.php?rest_route=\/wp\/v2\/media\/351"}],"wp:attachment":[{"href":"https:\/\/www.laremisedejulien.fr\/index.php?rest_route=%2Fwp%2Fv2%2Fmedia&parent=9"}],"curies":[{"name":"wp","href":"https:\/\/api.w.org\/{rel}","templated":true}]}}